{"id":2773,"date":"2025-08-03T13:25:25","date_gmt":"2025-08-03T11:25:25","guid":{"rendered":"https:\/\/finnoval.de\/?page_id=2773"},"modified":"2026-04-16T12:26:03","modified_gmt":"2026-04-16T10:26:03","slug":"downloads","status":"publish","type":"page","link":"https:\/\/finnoval.de\/en\/downloads\/","title":{"rendered":"Downloads"},"content":{"rendered":"<div data-elementor-type=\"wp-post\" data-elementor-id=\"2773\" class=\"elementor elementor-2773\" data-elementor-post-type=\"page\">\n\t\t\t\t<div class=\"elementor-element elementor-element-3883c72 e-flex e-con-boxed e-con e-parent\" data-id=\"3883c72\" data-element_type=\"container\">\n\t\t\t\t\t<div class=\"e-con-inner\">\n\t\t<div class=\"elementor-element elementor-element-f756f9c e-con-full e-flex e-con e-child\" data-id=\"f756f9c\" data-element_type=\"container\">\n\t\t\t\t<\/div>\n\t\t<div class=\"elementor-element elementor-element-4417cd1 e-con-full e-flex e-con e-child\" data-id=\"4417cd1\" data-element_type=\"container\">\n\t\t\t\t<div class=\"elementor-element elementor-element-f9f4c29 elementor-widget__width-initial finnoval-faq-headline-container elementor-widget elementor-widget-text-editor\" data-id=\"f9f4c29\" data-element_type=\"widget\" data-widget_type=\"text-editor.default\">\n\t\t\t\t\t\t\t\t\t<h1>Downloads<\/h1>\t\t\t\t\t\t\t\t<\/div>\n\t\t\t\t<div class=\"elementor-element elementor-element-e071745 elementor-widget__width-initial finnoval-faq-headline-container elementor-widget elementor-widget-text-editor\" data-id=\"e071745\" data-element_type=\"widget\" data-widget_type=\"text-editor.default\">\n\t\t\t\t\t\t\t\t\tImportant documents from A to Z.\t\t\t\t\t\t\t\t<\/div>\n\t\t\t\t<\/div>\n\t\t<div class=\"elementor-element elementor-element-4e96ff1 e-con-full e-flex e-con e-child\" data-id=\"4e96ff1\" data-element_type=\"container\">\n\t\t\t\t<\/div>\n\t\t\t\t\t<\/div>\n\t\t\t\t<\/div>\n\t\t<div class=\"elementor-element elementor-element-801277e e-flex e-con-boxed e-con e-parent\" data-id=\"801277e\" data-element_type=\"container\">\n\t\t\t\t\t<div class=\"e-con-inner\">\n\t\t<div class=\"elementor-element elementor-element-67fad6a e-con-full e-flex e-con e-child\" data-id=\"67fad6a\" data-element_type=\"container\">\n\t\t\t\t<\/div>\n\t\t<div class=\"elementor-element elementor-element-274d438 e-con-full e-flex e-con e-child\" data-id=\"274d438\" data-element_type=\"container\">\n\t\t<div class=\"elementor-element elementor-element-ae6d9fd e-con-full e-flex e-con e-child\" data-id=\"ae6d9fd\" data-element_type=\"container\">\n\t\t<div class=\"elementor-element elementor-element-273fe95 e-con-full e-flex e-con e-child\" data-id=\"273fe95\" data-element_type=\"container\">\n\t\t\t\t<div class=\"elementor-element elementor-element-539757b elementor-widget elementor-widget-text-editor\" data-id=\"539757b\" data-element_type=\"widget\" data-widget_type=\"text-editor.default\">\n\t\t\t\t\t\t\t\t\t<div class=\"second-font-family accent-text-color\">Corporate transaction<\/div>\nPDF | 5.45 MB\t\t\t\t\t\t\t\t<\/div>\n\t\t\t\t<\/div>\n\t\t\t\t<div class=\"elementor-element elementor-element-6fc6252 elementor-widget elementor-widget-text-editor\" data-id=\"6fc6252\" data-element_type=\"widget\" data-widget_type=\"text-editor.default\">\n\t\t\t\t\t\t\t\t\t<a class=\"second-font-family\" href=\"https:\/\/finnoval.de\/wp-content\/uploads\/2025\/08\/Praesentation-Unternehmenstransaktion.pdf\" download=\"\">Download<\/a>\t\t\t\t\t\t\t\t<\/div>\n\t\t\t\t<\/div>\n\t\t<div class=\"elementor-element elementor-element-e86d6b3 e-con-full e-flex e-con e-child\" data-id=\"e86d6b3\" data-element_type=\"container\">\n\t\t<div class=\"elementor-element elementor-element-9408ce9 e-con-full e-flex e-con e-child\" data-id=\"9408ce9\" data-element_type=\"container\">\n\t\t\t\t<div class=\"elementor-element elementor-element-1a24c8c elementor-widget elementor-widget-text-editor\" data-id=\"1a24c8c\" data-element_type=\"widget\" data-widget_type=\"text-editor.default\">\n\t\t\t\t\t\t\t\t\t<div class=\"second-font-family accent-text-color\">We are FINNOVAL<\/div><p>PDF | 23.10 MB<\/p>\t\t\t\t\t\t\t\t<\/div>\n\t\t\t\t<\/div>\n\t\t\t\t<div class=\"elementor-element elementor-element-1d3a032 elementor-widget elementor-widget-text-editor\" data-id=\"1d3a032\" data-element_type=\"widget\" data-widget_type=\"text-editor.default\">\n\t\t\t\t\t\t\t\t\t<p><a class=\"second-font-family\" href=\"https:\/\/finnoval.de\/wp-content\/uploads\/2026\/04\/Gesamtpraesentation.pdf\" download=\"\">Download<\/a><\/p>\t\t\t\t\t\t\t\t<\/div>\n\t\t\t\t<\/div>\n\t\t<div class=\"elementor-element elementor-element-a78e3c4 e-con-full e-flex e-con e-child\" data-id=\"a78e3c4\" data-element_type=\"container\">\n\t\t<div class=\"elementor-element elementor-element-dde422a e-con-full e-flex e-con e-child\" data-id=\"dde422a\" data-element_type=\"container\">\n\t\t\t\t<div class=\"elementor-element elementor-element-ed95772 elementor-widget elementor-widget-text-editor\" data-id=\"ed95772\" data-element_type=\"widget\" data-widget_type=\"text-editor.default\">\n\t\t\t\t\t\t\t\t\t<div class=\"second-font-family accent-text-color\">Our consultants<\/div><p>PDF | 2.7 MB<\/p>\t\t\t\t\t\t\t\t<\/div>\n\t\t\t\t<\/div>\n\t\t\t\t<div class=\"elementor-element elementor-element-6ae87ab elementor-widget elementor-widget-text-editor\" data-id=\"6ae87ab\" data-element_type=\"widget\" data-widget_type=\"text-editor.default\">\n\t\t\t\t\t\t\t\t\t<p><a class=\"second-font-family\" href=\"https:\/\/finnoval.de\/wp-content\/uploads\/2026\/04\/Beraterprofile.pdf\" download=\"\">Download<\/a><\/p>\t\t\t\t\t\t\t\t<\/div>\n\t\t\t\t<\/div>\n\t\t\t\t<\/div>\n\t\t<div class=\"elementor-element elementor-element-9efdab8 e-con-full e-flex e-con e-child\" data-id=\"9efdab8\" data-element_type=\"container\">\n\t\t\t\t<\/div>\n\t\t\t\t\t<\/div>\n\t\t\t\t<\/div>\n\t\t<div class=\"elementor-element elementor-element-4832815 e-flex e-con-boxed e-con e-parent\" data-id=\"4832815\" data-element_type=\"container\">\n\t\t\t\t\t<div class=\"e-con-inner\">\n\t\t<div class=\"elementor-element elementor-element-87b1901 e-con-full e-flex e-con e-child\" data-id=\"87b1901\" data-element_type=\"container\">\n\t\t\t\t<\/div>\n\t\t<div class=\"elementor-element elementor-element-343ef9f e-con-full e-flex e-con e-child\" data-id=\"343ef9f\" data-element_type=\"container\">\n\t\t<div class=\"elementor-element elementor-element-9f23825 e-con-full e-flex e-con e-child\" data-id=\"9f23825\" data-element_type=\"container\">\n\t\t<div class=\"elementor-element elementor-element-f12fe2b e-con-full e-flex e-con e-child\" data-id=\"f12fe2b\" data-element_type=\"container\">\n\t\t\t\t<div class=\"elementor-element elementor-element-21ac609 elementor-widget elementor-widget-text-editor\" data-id=\"21ac609\" data-element_type=\"widget\" data-widget_type=\"text-editor.default\">\n\t\t\t\t\t\t\t\t\t<div class=\"second-font-family accent-text-color\">Grant application form<\/div>\nPDF | 690.52 KB\n\t\t\t\t\t\t\t\t<\/div>\n\t\t\t\t<\/div>\n\t\t\t\t<div class=\"elementor-element elementor-element-42d3852 elementor-widget elementor-widget-text-editor\" data-id=\"42d3852\" data-element_type=\"widget\" data-widget_type=\"text-editor.default\">\n\t\t\t\t\t\t\t\t\t<a class=\"second-font-family\" href=\"https:\/\/finnoval.de\/wp-content\/uploads\/2025\/08\/Abfrageformular-Foerdervorhaben.pdf\" download=\"\">Download<\/a>\t\t\t\t\t\t\t\t<\/div>\n\t\t\t\t<\/div>\n\t\t<div class=\"elementor-element elementor-element-aba2799 e-con-full e-flex e-con e-child\" data-id=\"aba2799\" data-element_type=\"container\">\n\t\t<div class=\"elementor-element elementor-element-e49f8c1 e-con-full e-flex e-con e-child\" data-id=\"e49f8c1\" data-element_type=\"container\">\n\t\t\t\t<div class=\"elementor-element elementor-element-f197017 elementor-widget elementor-widget-text-editor\" data-id=\"f197017\" data-element_type=\"widget\" data-widget_type=\"text-editor.default\">\n\t\t\t\t\t\t\t\t\t<div class=\"second-font-family accent-text-color\">Reference approval<\/div><p>PDF | 225 KB<\/p>\t\t\t\t\t\t\t\t<\/div>\n\t\t\t\t<\/div>\n\t\t\t\t<div class=\"elementor-element elementor-element-0d9f6d9 elementor-widget elementor-widget-text-editor\" data-id=\"0d9f6d9\" data-element_type=\"widget\" data-widget_type=\"text-editor.default\">\n\t\t\t\t\t\t\t\t\t<p><a class=\"second-font-family\" href=\"https:\/\/finnoval.de\/wp-content\/uploads\/2026\/04\/Referenzfreigabe-Dokument.pdf\" download=\"\">Download<\/a><\/p>\t\t\t\t\t\t\t\t<\/div>\n\t\t\t\t<\/div>\n\t\t<div class=\"elementor-element elementor-element-718bbc1 e-con-full e-flex e-con e-child\" data-id=\"718bbc1\" data-element_type=\"container\">\n\t\t<div class=\"elementor-element elementor-element-8163c4f e-con-full e-flex e-con e-child\" data-id=\"8163c4f\" data-element_type=\"container\">\n\t\t\t\t<div class=\"elementor-element elementor-element-8b2490f elementor-widget elementor-widget-text-editor\" data-id=\"8b2490f\" data-element_type=\"widget\" data-widget_type=\"text-editor.default\">\n\t\t\t\t\t\t\t\t\t<div class=\"second-font-family accent-text-color\">Confidentiality agreement for information holders<\/div>\nPDF | 161.34 KB\n\t\t\t\t\t\t\t\t<\/div>\n\t\t\t\t<\/div>\n\t\t\t\t<div class=\"elementor-element elementor-element-c392919 elementor-widget elementor-widget-text-editor\" data-id=\"c392919\" data-element_type=\"widget\" data-widget_type=\"text-editor.default\">\n\t\t\t\t\t\t\t\t\t<a class=\"second-font-family\" href=\"https:\/\/finnoval.de\/wp-content\/uploads\/2025\/08\/Geheimhaltungsvereinbarung-FINNOVAL-Informationsinhaber.pdf\" download=\"\">Download<\/a>\t\t\t\t\t\t\t\t<\/div>\n\t\t\t\t<\/div>\n\t\t\t\t<\/div>\n\t\t<div class=\"elementor-element elementor-element-43dae41 e-con-full e-flex e-con e-child\" data-id=\"43dae41\" data-element_type=\"container\">\n\t\t\t\t<\/div>\n\t\t\t\t\t<\/div>\n\t\t\t\t<\/div>\n\t\t<div class=\"elementor-element elementor-element-aefedd0 e-flex e-con-boxed e-con e-parent\" data-id=\"aefedd0\" data-element_type=\"container\">\n\t\t\t\t\t<div class=\"e-con-inner\">\n\t\t<div class=\"elementor-element elementor-element-d49e6f4 e-con-full e-flex e-con e-child\" data-id=\"d49e6f4\" data-element_type=\"container\">\n\t\t\t\t<\/div>\n\t\t<div class=\"elementor-element elementor-element-cd487b6 e-con-full e-flex e-con e-child\" data-id=\"cd487b6\" data-element_type=\"container\">\n\t\t<div class=\"elementor-element elementor-element-a2d3477 e-con-full e-flex e-con e-child\" data-id=\"a2d3477\" data-element_type=\"container\">\n\t\t<div class=\"elementor-element elementor-element-980e77e e-con-full e-flex e-con e-child\" data-id=\"980e77e\" data-element_type=\"container\">\n\t\t\t\t<div class=\"elementor-element elementor-element-567df4d elementor-widget elementor-widget-text-editor\" data-id=\"567df4d\" data-element_type=\"widget\" data-widget_type=\"text-editor.default\">\n\t\t\t\t\t\t\t\t\t<div class=\"second-font-family accent-text-color\">Confidentiality agreement for customers<\/div>\nPDF | 5.45 MB\t\t\t\t\t\t\t\t<\/div>\n\t\t\t\t<\/div>\n\t\t\t\t<div class=\"elementor-element elementor-element-4379b91 elementor-widget elementor-widget-text-editor\" data-id=\"4379b91\" data-element_type=\"widget\" data-widget_type=\"text-editor.default\">\n\t\t\t\t\t\t\t\t\t<a class=\"second-font-family\" href=\"https:\/\/finnoval.de\/wp-content\/uploads\/2025\/08\/Geheimhaltungsvereinbarung-FINNOVAL-Kunde.pdf\" download=\"\">Download<\/a>\t\t\t\t\t\t\t\t<\/div>\n\t\t\t\t<\/div>\n\t\t<div class=\"elementor-element elementor-element-1d1ba01 e-con-full e-flex e-con e-child\" data-id=\"1d1ba01\" data-element_type=\"container\">\n\t\t<div class=\"elementor-element elementor-element-ef48376 e-con-full e-flex e-con e-child\" data-id=\"ef48376\" data-element_type=\"container\">\n\t\t\t\t<\/div>\n\t\t\t\t<\/div>\n\t\t<div class=\"elementor-element elementor-element-10c91dc e-con-full e-flex e-con e-child\" data-id=\"10c91dc\" data-element_type=\"container\">\n\t\t<div class=\"elementor-element elementor-element-8dbe25b e-con-full e-flex e-con e-child\" data-id=\"8dbe25b\" data-element_type=\"container\">\n\t\t\t\t<\/div>\n\t\t\t\t<\/div>\n\t\t\t\t<\/div>\n\t\t<div class=\"elementor-element elementor-element-9cb0ce6 e-con-full e-flex e-con e-child\" data-id=\"9cb0ce6\" data-element_type=\"container\">\n\t\t\t\t<\/div>\n\t\t\t\t\t<\/div>\n\t\t\t\t<\/div>\n\t\t<div class=\"elementor-element elementor-element-e5651a9 e-flex e-con-boxed e-con e-parent\" data-id=\"e5651a9\" data-element_type=\"container\" data-settings=\"{&quot;background_background&quot;:&quot;classic&quot;}\">\n\t\t\t\t\t<div class=\"e-con-inner\">\n\t\t<div class=\"elementor-element elementor-element-5fa8588 e-con-full e-flex e-con e-child\" data-id=\"5fa8588\" data-element_type=\"container\">\n\t\t\t\t<\/div>\n\t\t<div class=\"elementor-element elementor-element-ec7d44a e-con-full e-flex e-con e-child\" data-id=\"ec7d44a\" data-element_type=\"container\">\n\t\t\t\t<div class=\"elementor-element elementor-element-95e28e4 elementor-widget elementor-widget-text-editor\" data-id=\"95e28e4\" data-element_type=\"widget\" data-widget_type=\"text-editor.default\">\n\t\t\t\t\t\t\t\t\tWhat you have, <span class=\"primary-text-color\">you have.<\/span>\t\t\t\t\t\t\t\t<\/div>\n\t\t\t\t<\/div>\n\t\t<div class=\"elementor-element elementor-element-d3a7355 e-con-full e-flex e-con e-child\" data-id=\"d3a7355\" data-element_type=\"container\">\n\t\t\t\t<\/div>\n\t\t\t\t\t<\/div>\n\t\t\t\t<\/div>\n\t\t<div class=\"elementor-element elementor-element-6525b28 e-flex e-con-boxed e-con e-parent\" data-id=\"6525b28\" data-element_type=\"container\" id=\"contact-form-anchor\">\n\t\t\t\t\t<div class=\"e-con-inner\">\n\t\t<div class=\"elementor-element elementor-element-7e4c9c7 e-con-full e-flex e-con e-child\" data-id=\"7e4c9c7\" data-element_type=\"container\">\n\t\t\t\t<div class=\"elementor-element elementor-element-7ce29ec elementor-widget elementor-widget-html\" data-id=\"7ce29ec\" data-element_type=\"widget\" data-widget_type=\"html.default\">\n\t\t\t\t\t<svg width=\"3\" height=\"160.418\" viewbox=\"0 0 3 239.418\">\n  <g id=\"Gruppe_60\" data-name=\"Gruppe 60\" transform=\"translate(-2436 -3714.5)\">\n    <line id=\"Linie_17\" data-name=\"Linie 17\" y2=\"111.728\" transform=\"translate(2437.5 3714.5)\" fill=\"none\" stroke=\"#174257\" stroke-width=\"3\"><\/line>\n    <line id=\"Linie_18\" data-name=\"Linie 18\" y1=\"111.728\" transform=\"translate(2437.5 3842.19)\" fill=\"none\" stroke=\"#174257\" stroke-width=\"3\"><\/line>\n  <\/g>\n<\/svg>\t\t\t\t<\/div>\n\t\t\t\t<\/div>\n\t\t\t\t\t<\/div>\n\t\t\t\t<\/div>\n\t\t<div class=\"elementor-element elementor-element-a7477d1 e-con-full e-flex e-con e-parent\" data-id=\"a7477d1\" data-element_type=\"container\">\n\t\t\t\t<div class=\"elementor-element elementor-element-39454fa elementor-widget__width-inherit elementor-widget elementor-widget-template\" data-id=\"39454fa\" data-element_type=\"widget\" data-widget_type=\"template.default\">\n\t\t\t\t<div class=\"elementor-widget-container\">\n\t\t\t\t\t\t\t<div class=\"elementor-template\">\n\t\t\t\t\t<div data-elementor-type=\"container\" data-elementor-id=\"922\" class=\"elementor elementor-922\" data-elementor-post-type=\"elementor_library\">\n\t\t\t\t<div class=\"elementor-element elementor-element-d13ed82 e-flex e-con-boxed e-con e-parent\" data-id=\"d13ed82\" data-element_type=\"container\">\n\t\t\t\t\t<div class=\"e-con-inner\">\n\t\t<div class=\"elementor-element elementor-element-3cb6d5a e-con-full e-flex e-con e-child\" data-id=\"3cb6d5a\" data-element_type=\"container\">\n\t\t\t\t<\/div>\n\t\t<div class=\"elementor-element elementor-element-86f7bad e-con-full e-flex e-con e-child\" data-id=\"86f7bad\" data-element_type=\"container\">\n\t\t\t\t<div class=\"elementor-element elementor-element-c7410af elementor-widget elementor-widget-text-editor\" data-id=\"c7410af\" data-element_type=\"widget\" data-widget_type=\"text-editor.default\">\n\t\t\t\t\t\t\t\t\tContact form\t\t\t\t\t\t\t\t<\/div>\n\t\t\t\t<div class=\"elementor-element elementor-element-cc44f91 elementor-widget elementor-widget-text-editor\" data-id=\"cc44f91\" data-element_type=\"widget\" data-widget_type=\"text-editor.default\">\n\t\t\t\t\t\t\t\t\t<h2>Interested?<\/h2>\t\t\t\t\t\t\t\t<\/div>\n\t\t\t\t<div class=\"elementor-element elementor-element-1bd3ec2 elementor-widget elementor-widget-text-editor\" data-id=\"1bd3ec2\" data-element_type=\"widget\" data-widget_type=\"text-editor.default\">\n\t\t\t\t\t\t\t\t\tWe look forward to hearing from you:\t\t\t\t\t\t\t\t<\/div>\n\t\t\t\t<div class=\"elementor-element elementor-element-58700d1 elementor-widget elementor-widget-shortcode\" data-id=\"58700d1\" data-element_type=\"widget\" data-widget_type=\"shortcode.default\">\n\t\t\t\t\t\t\t<div class=\"elementor-shortcode\">\n<div class=\"wpcf7 no-js\" id=\"wpcf7-f332-o1\" lang=\"de-DE\" dir=\"ltr\" data-wpcf7-id=\"332\">\n<div class=\"screen-reader-response\"><p role=\"status\" aria-live=\"polite\" aria-atomic=\"true\"><\/p> <ul><\/ul><\/div>\n<form action=\"\/en\/wp-json\/wp\/v2\/pages\/2773#wpcf7-f332-o1\" method=\"post\" class=\"wpcf7-form init\" aria-label=\"contact form\" novalidate=\"novalidate\" data-status=\"init\" data-trp-original-action=\"\/en\/wp-json\/wp\/v2\/pages\/2773#wpcf7-f332-o1\">\n<fieldset class=\"hidden-fields-container\"><input type=\"hidden\" name=\"_wpcf7\" value=\"332\" \/><input type=\"hidden\" name=\"_wpcf7_version\" value=\"6.1\" \/><input type=\"hidden\" name=\"_wpcf7_locale\" value=\"de_DE\" \/><input type=\"hidden\" name=\"_wpcf7_unit_tag\" value=\"wpcf7-f332-o1\" \/><input type=\"hidden\" name=\"_wpcf7_container_post\" value=\"0\" \/><input type=\"hidden\" name=\"_wpcf7_posted_data_hash\" value=\"\" \/>\n<\/fieldset>\n<style>\n.contact-form-wrapper {\ndisplay: flex;\ngap: 20px;\n}\n.contact-form-column {\nflex: 1 1 calc(50% - 10px);\n}\n.contact-msg-input {\nheight: 8.8em;\n}\n.contact-form-submit-wrapper {\ndisplay: flex;\njustify-content: end;\n}\n.finnoval-contact-submit {\ndisplay: flex;\nalign-items: end;\nbackground-color: transparent !important;\nborder: 0 !important;\n}\n@media (max-width: 767px) {\n .contact-form-wrapper {\n display: block;\n }\n}\n<\/style>\n<div class=\"contact-form-wrapper\">\n\t<div class=\"contact-form-column\">\n\t\t<p><span class=\"wpcf7-form-control-wrap\" data-name=\"your-name\"><input size=\"40\" maxlength=\"400\" class=\"wpcf7-form-control wpcf7-text wpcf7-validates-as-required\" autocomplete=\"name\" aria-required=\"true\" aria-invalid=\"false\" placeholder=\"*Name\" value=\"\" type=\"text\" name=\"your-name\" \/><\/span>\n\t\t<\/p>\n\t\t<p><span class=\"wpcf7-form-control-wrap\" data-name=\"your-email\"><input size=\"40\" maxlength=\"400\" class=\"wpcf7-form-control wpcf7-email wpcf7-validates-as-required wpcf7-text wpcf7-validates-as-email\" autocomplete=\"email\" aria-required=\"true\" aria-invalid=\"false\" placeholder=\"*Mail\" value=\"\" type=\"email\" name=\"your-email\" \/><\/span>\n\t\t<\/p>\n\t\t<p><span class=\"wpcf7-form-control-wrap\" data-name=\"your-phone\"><input size=\"40\" maxlength=\"400\" class=\"wpcf7-form-control wpcf7-tel wpcf7-text wpcf7-validates-as-tel\" autocomplete=\"phone\" aria-invalid=\"false\" placeholder=\"Phone\" value=\"\" type=\"tel\" name=\"your-phone\" \/><\/span>\n\t\t<\/p>\n\t<\/div>\n\t<div class=\"contact-form-column\">\n\t\t<p><span class=\"wpcf7-form-control-wrap\" data-name=\"your-message\"><textarea cols=\"40\" rows=\"10\" maxlength=\"2000\" class=\"wpcf7-form-control wpcf7-textarea wpcf7-validates-as-required contact-msg-input\" aria-required=\"true\" aria-invalid=\"false\" placeholder=\"*Message\" name=\"your-message\"><\/textarea><\/span>\n\t\t<\/p>\n\t\t<p><span class=\"wpcf7-form-control-wrap\" data-name=\"acceptance-912\"><span class=\"wpcf7-form-control wpcf7-acceptance\"><span class=\"wpcf7-list-item\"><label><input type=\"checkbox\" name=\"acceptance-912\" value=\"1\" aria-invalid=\"false\" \/><span class=\"wpcf7-list-item-label\"><span style=\"font-size: 0.7em;\">*I have read and accept the privacy policy.<\/span><\/span><\/label><\/span><\/span><\/span>\n\t\t<\/p>\n\t<\/div>\n<\/div>\n<div class=\"contact-form-submit-wrapper\">\n<!-- submit button -->\n\t<p><button type=\"submit\" class=\"finnoval-contact-submit wpcf7-form-control wpcf7-submit\"><br \/>\n<span><br \/>\n<svg xmlns:svg=\"http:\/\/www.w3.org\/2000\/svg\" width=\"104.61\" height=\"104.61\" viewbox=\"0 0 104.61 104.61\" id=\"svg1\">\n      <defs id=\"defs1\"><\/defs>\n      <g id=\"Gruppe_33\" data-name=\"Gruppe 33\" transform=\"translate(-1211.964,-3428.028)\">\n        <line id=\"Linie_25\" data-name=\"Linie 25\" y1=\"92.829002\" x2=\"92.829002\" transform=\"translate(1213.571,3438.202)\"\n          fill=\"none\" stroke=\"#5a8fdb\" stroke-width=\"3\" x1=\"0\" y2=\"0\">\n        <\/line>\n        <line id=\"Linie_26\" data-name=\"Linie 26\" x2=\"93.435997\" transform=\"translate(1211.964,3429.528)\" fill=\"none\"\n          stroke=\"#1a3b5b\" stroke-width=\"3\" x1=\"0\" y1=\"0\" y2=\"0\"><\/line>\n        <line id=\"Linie_27\" data-name=\"Linie 27\" y1=\"93.435997\" transform=\"translate(1315.074,3439.202)\" fill=\"none\"\n          stroke=\"#1a3b5b\" stroke-width=\"3\" x1=\"0\" x2=\"0\" y2=\"0\"><\/line>\n      <\/g>\n    <\/svg><br \/>\n<\/span><br \/>\n<span class=\"primary-text-color\" style=\"margin-left: 14px; font-size: 1.2em; margin-bottom: 6px;\">send<\/span><br \/>\n<\/button><br \/>\n<!-- submit button end -->\n\t<\/p>\n<\/div><div class=\"wpcf7-response-output\" aria-hidden=\"true\"><\/div>\n<input type=\"hidden\" name=\"trp-form-language\" value=\"en\"\/><\/form>\n<\/div>\n<\/div>\n\t\t\t\t\t\t<\/div>\n\t\t\t\t<\/div>\n\t\t<div class=\"elementor-element elementor-element-11f256a e-con-full e-flex e-con e-child\" data-id=\"11f256a\" data-element_type=\"container\">\n\t\t\t\t<\/div>\n\t\t\t\t\t<\/div>\n\t\t\t\t<\/div>\n\t\t<div class=\"elementor-element elementor-element-83fb0f9 e-con-full e-flex e-con e-parent\" data-id=\"83fb0f9\" data-element_type=\"container\">\n\t\t\t\t<div class=\"elementor-element elementor-element-463a04f elementor-widget elementor-widget-text-editor\" data-id=\"463a04f\" data-element_type=\"widget\" data-widget_type=\"text-editor.default\">\n\t\t\t\t\t\t\t\t\t<div class=\"marquee-container\"><div class=\"marquee-track\"><div class=\"marquee-text\">sayhello<\/div><div class=\"marquee-text\">sayhello<\/div><\/div><\/div>\t\t\t\t\t\t\t\t<\/div>\n\t\t\t\t<\/div>\n\t\t<div class=\"elementor-element elementor-element-0d05cfe e-con-full e-flex e-con e-parent\" data-id=\"0d05cfe\" data-element_type=\"container\">\n\t\t\t\t<div class=\"elementor-element elementor-element-f5e8dee elementor-widget elementor-widget-html\" data-id=\"f5e8dee\" data-element_type=\"widget\" data-widget_type=\"html.default\">\n\t\t\t\t\t<style>\n.marquee-container {\n  width: 100%;\n  overflow: hidden;\n  white-space: nowrap;\n  box-sizing: border-box;\n}\n\n.marquee-track {\n  display: inline-flex;\n  \/* duplicate content ensures seamless loop *\/\n  animation: scroll-left 30s linear infinite;\n}\n\n.marquee-text {\n  flex-shrink: 0;\n  padding-right: 2rem; \/* optional spacing *\/\n}\n\n@keyframes scroll-left {\n  0% {\n    transform: translateX(0);\n  }\n  100% {\n    transform: translateX(-50%);\n  }\n}\n<\/style>\t\t\t\t<\/div>\n\t\t\t\t<\/div>\n\t\t\t\t<\/div>\n\t\t\t\t<\/div>\n\t\t\t\t\t\t<\/div>\n\t\t\t\t<\/div>\n\t\t\t\t<\/div>\n\t\t<div class=\"elementor-element elementor-element-f6c6ee1 e-flex e-con-boxed e-con e-parent\" data-id=\"f6c6ee1\" data-element_type=\"container\">\n\t\t\t\t\t<div class=\"e-con-inner\">\n\t\t\t\t<div class=\"elementor-element elementor-element-f9a1066 elementor-widget elementor-widget-template\" data-id=\"f9a1066\" data-element_type=\"widget\" data-widget_type=\"template.default\">\n\t\t\t\t<div class=\"elementor-widget-container\">\n\t\t\t\t\t\t\t<div class=\"elementor-template\">\n\t\t\t\t\t<div data-elementor-type=\"container\" data-elementor-id=\"4719\" class=\"elementor elementor-4719\" data-elementor-post-type=\"elementor_library\">\n\t\t\t\t<div class=\"elementor-element elementor-element-6e5ea12 e-flex e-con-boxed e-con e-parent\" data-id=\"6e5ea12\" data-element_type=\"container\">\n\t\t\t\t\t<div class=\"e-con-inner\">\n\t\t\t\t<div class=\"elementor-element elementor-element-612e8cd elementor-widget elementor-widget-html\" data-id=\"612e8cd\" data-element_type=\"widget\" data-widget_type=\"html.default\">\n\t\t\t\t\t<style>\n    #menu_mobile line {\n        stroke: var( --e-global-color-accent ) !important;\n    }\n    #menu-header-menu li, #menu-header-menu li strong {\n        color: var( --e-global-color-accent ) !important;\n    }\n<\/style>\n<!-- change header logo -->\n<script>\nwindow.addEventListener(\"load\", function() {\n  document.querySelector(\".finnoval-header-logo img\").srcset=\"https:\/\/finnoval.de\/wp-content\/uploads\/2025\/08\/finnoval-logo-blue-1024x149.png\";  \n})\n<\/script>\t\t\t\t<\/div>\n\t\t\t\t\t<\/div>\n\t\t\t\t<\/div>\n\t\t\t\t<\/div>\n\t\t\t\t<\/div>\n\t\t\t\t\t\t<\/div>\n\t\t\t\t<\/div>\n\t\t\t\t\t<\/div>\n\t\t\t\t<\/div>\n\t\t\t\t<\/div>","protected":false},"excerpt":{"rendered":"<p>Downloads Wichtige Dokumente von A bis Z.Unternehmens&shy;transaktion PDF | 5.45 MBDownloadWir sind FINNOVAL PDF | 23.10 MB Download Unsere Berater PDF | 2.7 MB Download Abfrageformular f\u00fcr F\u00f6rdermittel PDF | 690.52 KB DownloadReferenzfreigabe PDF | 225 KB Download Verschwiegen&shy;heits&shy;erkl\u00e4rung f\u00fcr Informations&shy;inhaber PDF | 161.34 KB DownloadVerschwiegenheits&shy;erkl\u00e4rung f\u00fcr Kunden PDF | 5.45 MBDownloadWas man hat, hat [&hellip;]<\/p>","protected":false},"author":1,"featured_media":0,"parent":0,"menu_order":0,"comment_status":"closed","ping_status":"closed","template":"elementor_header_footer","meta":{"footnotes":""},"class_list":["post-2773","page","type-page","status-publish","hentry"],"_links":{"self":[{"href":"https:\/\/finnoval.de\/en\/wp-json\/wp\/v2\/pages\/2773","targetHints":{"allow":["GET"]}}],"collection":[{"href":"https:\/\/finnoval.de\/en\/wp-json\/wp\/v2\/pages"}],"about":[{"href":"https:\/\/finnoval.de\/en\/wp-json\/wp\/v2\/types\/page"}],"author":[{"embeddable":true,"href":"https:\/\/finnoval.de\/en\/wp-json\/wp\/v2\/users\/1"}],"replies":[{"embeddable":true,"href":"https:\/\/finnoval.de\/en\/wp-json\/wp\/v2\/comments?post=2773"}],"version-history":[{"count":79,"href":"https:\/\/finnoval.de\/en\/wp-json\/wp\/v2\/pages\/2773\/revisions"}],"predecessor-version":[{"id":5357,"href":"https:\/\/finnoval.de\/en\/wp-json\/wp\/v2\/pages\/2773\/revisions\/5357"}],"wp:attachment":[{"href":"https:\/\/finnoval.de\/en\/wp-json\/wp\/v2\/media?parent=2773"}],"curies":[{"name":"wp","href":"https:\/\/api.w.org\/{rel}","templated":true}]}}