{"id":2475,"date":"2025-07-27T23:15:00","date_gmt":"2025-07-27T21:15:00","guid":{"rendered":"https:\/\/finnoval.de\/?page_id=2475"},"modified":"2025-09-15T20:25:01","modified_gmt":"2025-09-15T18:25:01","slug":"impressum","status":"publish","type":"page","link":"https:\/\/finnoval.de\/en\/impressum\/","title":{"rendered":"Legal notice"},"content":{"rendered":"<div data-elementor-type=\"wp-post\" data-elementor-id=\"2475\" class=\"elementor elementor-2475\" data-elementor-post-type=\"page\">\n\t\t\t\t<div class=\"elementor-element elementor-element-3883c72 e-flex e-con-boxed e-con e-parent\" data-id=\"3883c72\" data-element_type=\"container\">\n\t\t\t\t\t<div class=\"e-con-inner\">\n\t\t<div class=\"elementor-element elementor-element-f756f9c e-con-full e-flex e-con e-child\" data-id=\"f756f9c\" data-element_type=\"container\">\n\t\t\t\t<\/div>\n\t\t<div class=\"elementor-element elementor-element-4417cd1 e-con-full e-flex e-con e-child\" data-id=\"4417cd1\" data-element_type=\"container\">\n\t\t\t\t<div class=\"elementor-element elementor-element-f9f4c29 elementor-widget__width-initial finnoval-faq-headline-container elementor-widget elementor-widget-text-editor\" data-id=\"f9f4c29\" data-element_type=\"widget\" data-widget_type=\"text-editor.default\">\n\t\t\t\t\t\t\t\t\t<h1>Legal notice<\/h1>\t\t\t\t\t\t\t\t<\/div>\n\t\t\t\t<div class=\"elementor-element elementor-element-e071745 elementor-widget__width-initial finnoval-faq-headline-container elementor-widget elementor-widget-text-editor\" data-id=\"e071745\" data-element_type=\"widget\" data-widget_type=\"text-editor.default\">\n\t\t\t\t\t\t\t\t\tMandatory information from the controller.\t\t\t\t\t\t\t\t<\/div>\n\t\t\t\t<\/div>\n\t\t<div class=\"elementor-element elementor-element-4e96ff1 e-con-full e-flex e-con e-child\" data-id=\"4e96ff1\" data-element_type=\"container\">\n\t\t\t\t<\/div>\n\t\t\t\t\t<\/div>\n\t\t\t\t<\/div>\n\t\t<div class=\"elementor-element elementor-element-fd1404b e-flex e-con-boxed e-con e-parent\" data-id=\"fd1404b\" data-element_type=\"container\">\n\t\t\t\t\t<div class=\"e-con-inner\">\n\t\t<div class=\"elementor-element elementor-element-624d5c4 e-con-full e-flex e-con e-child\" data-id=\"624d5c4\" data-element_type=\"container\">\n\t\t\t\t<\/div>\n\t\t<div class=\"elementor-element elementor-element-daa98e8 e-con-full e-flex e-con e-child\" data-id=\"daa98e8\" data-element_type=\"container\">\n\t\t\t\t<div class=\"elementor-element elementor-element-fcae235 elementor-widget__width-initial finnoval-faq-headline-container elementor-widget elementor-widget-text-editor\" data-id=\"fcae235\" data-element_type=\"widget\" data-widget_type=\"text-editor.default\">\n\t\t\t\t\t\t\t\t\tfor the website www.finnoval.de and its subpages in accordance with \u00a7 55 (2) RStV and \u00a7 36 (1) VSBG.\n\n\t\t\t\t\t\t\t\t<\/div>\n\t\t\t\t<\/div>\n\t\t<div class=\"elementor-element elementor-element-5475363 e-con-full e-flex e-con e-child\" data-id=\"5475363\" data-element_type=\"container\">\n\t\t\t\t<\/div>\n\t\t\t\t\t<\/div>\n\t\t\t\t<\/div>\n\t\t<div class=\"elementor-element elementor-element-f5a1594 e-flex e-con-boxed e-con e-parent\" data-id=\"f5a1594\" data-element_type=\"container\">\n\t\t\t\t\t<div class=\"e-con-inner\">\n\t\t<div class=\"elementor-element elementor-element-654338e e-con-full e-flex e-con e-child\" data-id=\"654338e\" data-element_type=\"container\">\n\t\t\t\t<\/div>\n\t\t<div class=\"elementor-element elementor-element-0a6fa33 e-con-full e-flex e-con e-child\" data-id=\"0a6fa33\" data-element_type=\"container\">\n\t\t\t\t<div class=\"elementor-element elementor-element-c191b35 elementor-widget__width-initial finnoval-faq-headline-container elementor-widget elementor-widget-text-editor\" data-id=\"c191b35\" data-element_type=\"widget\" data-widget_type=\"text-editor.default\">\n\t\t\t\t\t\t\t\t\t<h2>Name, address, contact information<\/h2>\t\t\t\t\t\t\t\t<\/div>\n\t\t\t\t<div class=\"elementor-element elementor-element-0af5b52 elementor-widget__width-initial finnoval-faq-headline-container elementor-widget elementor-widget-text-editor\" data-id=\"0af5b52\" data-element_type=\"widget\" data-widget_type=\"text-editor.default\">\n\t\t\t\t\t\t\t\t\t<p><strong>FINNOVAL GmbH<\/strong><br \/>K\u00f6nigstra\u00dfe 7<br \/>01097 Dresden<\/p><p>Mail: <a href=\"mailto:kontakt@finnoval.de\">kontakt@finnoval.de<\/a><\/p><p>Fon: +49(0)351 212 44 710<\/p>\t\t\t\t\t\t\t\t<\/div>\n\t\t\t\t<\/div>\n\t\t<div class=\"elementor-element elementor-element-383fffe e-con-full e-flex e-con e-child\" data-id=\"383fffe\" data-element_type=\"container\">\n\t\t\t\t<\/div>\n\t\t\t\t\t<\/div>\n\t\t\t\t<\/div>\n\t\t<div class=\"elementor-element elementor-element-e81690f e-flex e-con-boxed e-con e-parent\" data-id=\"e81690f\" data-element_type=\"container\">\n\t\t\t\t\t<div class=\"e-con-inner\">\n\t\t<div class=\"elementor-element elementor-element-48e1953 e-con-full e-flex e-con e-child\" data-id=\"48e1953\" data-element_type=\"container\">\n\t\t\t\t<\/div>\n\t\t<div class=\"elementor-element elementor-element-786b4db e-con-full e-flex e-con e-child\" data-id=\"786b4db\" data-element_type=\"container\">\n\t\t\t\t<div class=\"elementor-element elementor-element-1e744a5 elementor-widget__width-initial finnoval-faq-headline-container elementor-widget elementor-widget-text-editor\" data-id=\"1e744a5\" data-element_type=\"widget\" data-widget_type=\"text-editor.default\">\n\t\t\t\t\t\t\t\t\t<h2>Legal form<\/h2>\t\t\t\t\t\t\t\t<\/div>\n\t\t\t\t<div class=\"elementor-element elementor-element-b28c33f elementor-widget__width-initial finnoval-faq-headline-container elementor-widget elementor-widget-text-editor\" data-id=\"b28c33f\" data-element_type=\"widget\" data-widget_type=\"text-editor.default\">\n\t\t\t\t\t\t\t\t\t<p>Limited liability company (LLC)<br \/>Authorized representative: Sebastian M\u00e4hler<br \/>Register court, register number: Dresden Local Court, HRB 38120<br \/>Sales tax identification number: DE 320 038 397<\/p>\t\t\t\t\t\t\t\t<\/div>\n\t\t\t\t<\/div>\n\t\t<div class=\"elementor-element elementor-element-2d1bc63 e-con-full e-flex e-con e-child\" data-id=\"2d1bc63\" data-element_type=\"container\">\n\t\t\t\t<\/div>\n\t\t\t\t\t<\/div>\n\t\t\t\t<\/div>\n\t\t<div class=\"elementor-element elementor-element-6586aff e-flex e-con-boxed e-con e-parent\" data-id=\"6586aff\" data-element_type=\"container\">\n\t\t\t\t\t<div class=\"e-con-inner\">\n\t\t<div class=\"elementor-element elementor-element-d52e327 e-con-full e-flex e-con e-child\" data-id=\"d52e327\" data-element_type=\"container\">\n\t\t\t\t<\/div>\n\t\t<div class=\"elementor-element elementor-element-06eea56 e-con-full e-flex e-con e-child\" data-id=\"06eea56\" data-element_type=\"container\">\n\t\t\t\t<div class=\"elementor-element elementor-element-e48f226 elementor-widget__width-initial finnoval-faq-headline-container elementor-widget elementor-widget-text-editor\" data-id=\"e48f226\" data-element_type=\"widget\" data-widget_type=\"text-editor.default\">\n\t\t\t\t\t\t\t\t\t<h2>Information on professional liability insurance<\/h2>\t\t\t\t\t\t\t\t<\/div>\n\t\t\t\t<div class=\"elementor-element elementor-element-34b2099 elementor-widget__width-initial finnoval-faq-headline-container elementor-widget elementor-widget-text-editor\" data-id=\"34b2099\" data-element_type=\"widget\" data-widget_type=\"text-editor.default\">\n\t\t\t\t\t\t\t\t\t<p>Markel Insurance SE<br \/>Sophienstra\u00dfe 26<br \/>80333 M\u00fcnchen<br \/>R\u00e4umlicher Geltungsbereich: Weltweit<\/p>\t\t\t\t\t\t\t\t<\/div>\n\t\t\t\t<\/div>\n\t\t<div class=\"elementor-element elementor-element-1aae0dc e-con-full e-flex e-con e-child\" data-id=\"1aae0dc\" data-element_type=\"container\">\n\t\t\t\t<\/div>\n\t\t\t\t\t<\/div>\n\t\t\t\t<\/div>\n\t\t<div class=\"elementor-element elementor-element-9214d31 e-flex e-con-boxed e-con e-parent\" data-id=\"9214d31\" data-element_type=\"container\">\n\t\t\t\t\t<div class=\"e-con-inner\">\n\t\t<div class=\"elementor-element elementor-element-06cb313 e-con-full e-flex e-con e-child\" data-id=\"06cb313\" data-element_type=\"container\">\n\t\t\t\t<\/div>\n\t\t<div class=\"elementor-element elementor-element-3f8e735 e-con-full e-flex e-con e-child\" data-id=\"3f8e735\" data-element_type=\"container\">\n\t\t\t\t<div class=\"elementor-element elementor-element-30675e1 elementor-widget__width-initial finnoval-faq-headline-container elementor-widget elementor-widget-text-editor\" data-id=\"30675e1\" data-element_type=\"widget\" data-widget_type=\"text-editor.default\">\n\t\t\t\t\t\t\t\t\t<h2>Terms of use of the website; copyright<\/h2>\t\t\t\t\t\t\t\t<\/div>\n\t\t\t\t<div class=\"elementor-element elementor-element-dcaab5a elementor-widget__width-initial finnoval-faq-headline-container elementor-widget elementor-widget-text-editor\" data-id=\"dcaab5a\" data-element_type=\"widget\" data-widget_type=\"text-editor.default\">\n\t\t\t\t\t\t\t\t\t<div class=\"nr-page-module page-module-customtext\"><div class=\"wrapper\"><div class=\"super-small\"><div class=\"text\"><p>All content on this website is subject to the following terms of use:<br \/>All content and information on this website and its subpages is provided for general information purposes only and does not constitute advice from FINNOVAL GmbH. Please contact us for further and individual information.<br \/>Any liability in connection with the use of the content of this website or in relation to reliance on its accuracy is excluded.<\/p><p>The content and information on external websites that can be accessed via hyperlinks from this website or from pages to which this website refers are third-party content over which FINNOVAL GmbH has no influence and for which FINNOVAL GmbH accepts no liability.<\/p><p>The content and information on this website and its subpages are protected by copyright. Unless permitted below, the reproduction of content from this website and its subpages is prohibited. You may download or print excerpts for your private use on a local hard drive. You may also pass on copies of excerpts from this website and its subpages to third parties for private use, provided that you acknowledge the existing copyright of FINNOVAL GmbH to this website and its subpages.<br \/>Any reproduction or distribution for commercial purposes is prohibited.<\/p><\/div><\/div><\/div><\/div>\t\t\t\t\t\t\t\t<\/div>\n\t\t\t\t<\/div>\n\t\t<div class=\"elementor-element elementor-element-05076dd e-con-full e-flex e-con e-child\" data-id=\"05076dd\" data-element_type=\"container\">\n\t\t\t\t<\/div>\n\t\t\t\t\t<\/div>\n\t\t\t\t<\/div>\n\t\t<div class=\"elementor-element elementor-element-e5651a9 e-flex e-con-boxed e-con e-parent\" data-id=\"e5651a9\" data-element_type=\"container\" data-settings=\"{&quot;background_background&quot;:&quot;classic&quot;}\">\n\t\t\t\t\t<div class=\"e-con-inner\">\n\t\t<div class=\"elementor-element elementor-element-5fa8588 e-con-full e-flex e-con e-child\" data-id=\"5fa8588\" data-element_type=\"container\">\n\t\t\t\t<\/div>\n\t\t<div class=\"elementor-element elementor-element-ec7d44a e-con-full e-flex e-con e-child\" data-id=\"ec7d44a\" data-element_type=\"container\">\n\t\t\t\t<div class=\"elementor-element elementor-element-95e28e4 elementor-widget elementor-widget-text-editor\" data-id=\"95e28e4\" data-element_type=\"widget\" data-widget_type=\"text-editor.default\">\n\t\t\t\t\t\t\t\t\t<span class=\"primary-text-color\">The first step towards improvement is<\/span><br>\nrecognising that you have a problem.\t\t\t\t\t\t\t\t<\/div>\n\t\t\t\t<\/div>\n\t\t<div class=\"elementor-element elementor-element-d3a7355 e-con-full e-flex e-con e-child\" data-id=\"d3a7355\" data-element_type=\"container\">\n\t\t\t\t<\/div>\n\t\t\t\t\t<\/div>\n\t\t\t\t<\/div>\n\t\t<div class=\"elementor-element elementor-element-6525b28 e-flex e-con-boxed e-con e-parent\" data-id=\"6525b28\" data-element_type=\"container\" id=\"contact-form-anchor\">\n\t\t\t\t\t<div class=\"e-con-inner\">\n\t\t<div class=\"elementor-element elementor-element-7e4c9c7 e-con-full e-flex e-con e-child\" data-id=\"7e4c9c7\" data-element_type=\"container\">\n\t\t\t\t<div class=\"elementor-element elementor-element-7ce29ec elementor-widget elementor-widget-html\" data-id=\"7ce29ec\" data-element_type=\"widget\" data-widget_type=\"html.default\">\n\t\t\t\t\t<svg width=\"3\" height=\"160.418\" viewbox=\"0 0 3 239.418\">\n  <g id=\"Gruppe_60\" data-name=\"Gruppe 60\" transform=\"translate(-2436 -3714.5)\">\n    <line id=\"Linie_17\" data-name=\"Linie 17\" y2=\"111.728\" transform=\"translate(2437.5 3714.5)\" fill=\"none\" stroke=\"#174257\" stroke-width=\"3\"><\/line>\n    <line id=\"Linie_18\" data-name=\"Linie 18\" y1=\"111.728\" transform=\"translate(2437.5 3842.19)\" fill=\"none\" stroke=\"#174257\" stroke-width=\"3\"><\/line>\n  <\/g>\n<\/svg>\t\t\t\t<\/div>\n\t\t\t\t<\/div>\n\t\t\t\t\t<\/div>\n\t\t\t\t<\/div>\n\t\t<div class=\"elementor-element elementor-element-a7477d1 e-con-full e-flex e-con e-parent\" data-id=\"a7477d1\" data-element_type=\"container\">\n\t\t\t\t<div class=\"elementor-element elementor-element-39454fa elementor-widget__width-inherit elementor-widget elementor-widget-template\" data-id=\"39454fa\" data-element_type=\"widget\" data-widget_type=\"template.default\">\n\t\t\t\t<div class=\"elementor-widget-container\">\n\t\t\t\t\t\t\t<div class=\"elementor-template\">\n\t\t\t\t\t<div data-elementor-type=\"container\" data-elementor-id=\"922\" class=\"elementor elementor-922\" data-elementor-post-type=\"elementor_library\">\n\t\t\t\t<div class=\"elementor-element elementor-element-d13ed82 e-flex e-con-boxed e-con e-parent\" data-id=\"d13ed82\" data-element_type=\"container\">\n\t\t\t\t\t<div class=\"e-con-inner\">\n\t\t<div class=\"elementor-element elementor-element-3cb6d5a e-con-full e-flex e-con e-child\" data-id=\"3cb6d5a\" data-element_type=\"container\">\n\t\t\t\t<\/div>\n\t\t<div class=\"elementor-element elementor-element-86f7bad e-con-full e-flex e-con e-child\" data-id=\"86f7bad\" data-element_type=\"container\">\n\t\t\t\t<div class=\"elementor-element elementor-element-c7410af elementor-widget elementor-widget-text-editor\" data-id=\"c7410af\" data-element_type=\"widget\" data-widget_type=\"text-editor.default\">\n\t\t\t\t\t\t\t\t\tContact form\t\t\t\t\t\t\t\t<\/div>\n\t\t\t\t<div class=\"elementor-element elementor-element-cc44f91 elementor-widget elementor-widget-text-editor\" data-id=\"cc44f91\" data-element_type=\"widget\" data-widget_type=\"text-editor.default\">\n\t\t\t\t\t\t\t\t\t<h2>Interested?<\/h2>\t\t\t\t\t\t\t\t<\/div>\n\t\t\t\t<div class=\"elementor-element elementor-element-1bd3ec2 elementor-widget elementor-widget-text-editor\" data-id=\"1bd3ec2\" data-element_type=\"widget\" data-widget_type=\"text-editor.default\">\n\t\t\t\t\t\t\t\t\tWe look forward to hearing from you:\t\t\t\t\t\t\t\t<\/div>\n\t\t\t\t<div class=\"elementor-element elementor-element-58700d1 elementor-widget elementor-widget-shortcode\" data-id=\"58700d1\" data-element_type=\"widget\" data-widget_type=\"shortcode.default\">\n\t\t\t\t\t\t\t<div class=\"elementor-shortcode\">\n<div class=\"wpcf7 no-js\" id=\"wpcf7-f332-o1\" lang=\"de-DE\" dir=\"ltr\" data-wpcf7-id=\"332\">\n<div class=\"screen-reader-response\"><p role=\"status\" aria-live=\"polite\" aria-atomic=\"true\"><\/p> <ul><\/ul><\/div>\n<form action=\"\/en\/wp-json\/wp\/v2\/pages\/2475#wpcf7-f332-o1\" method=\"post\" class=\"wpcf7-form init\" aria-label=\"contact form\" novalidate=\"novalidate\" data-status=\"init\" data-trp-original-action=\"\/en\/wp-json\/wp\/v2\/pages\/2475#wpcf7-f332-o1\">\n<fieldset class=\"hidden-fields-container\"><input type=\"hidden\" name=\"_wpcf7\" value=\"332\" \/><input type=\"hidden\" name=\"_wpcf7_version\" value=\"6.1\" \/><input type=\"hidden\" name=\"_wpcf7_locale\" value=\"de_DE\" \/><input type=\"hidden\" name=\"_wpcf7_unit_tag\" value=\"wpcf7-f332-o1\" \/><input type=\"hidden\" name=\"_wpcf7_container_post\" value=\"0\" \/><input type=\"hidden\" name=\"_wpcf7_posted_data_hash\" value=\"\" \/>\n<\/fieldset>\n<style>\n.contact-form-wrapper {\ndisplay: flex;\ngap: 20px;\n}\n.contact-form-column {\nflex: 1 1 calc(50% - 10px);\n}\n.contact-msg-input {\nheight: 8.8em;\n}\n.contact-form-submit-wrapper {\ndisplay: flex;\njustify-content: end;\n}\n.finnoval-contact-submit {\ndisplay: flex;\nalign-items: end;\nbackground-color: transparent !important;\nborder: 0 !important;\n}\n@media (max-width: 767px) {\n .contact-form-wrapper {\n display: block;\n }\n}\n<\/style>\n<div class=\"contact-form-wrapper\">\n\t<div class=\"contact-form-column\">\n\t\t<p><span class=\"wpcf7-form-control-wrap\" data-name=\"your-name\"><input size=\"40\" maxlength=\"400\" class=\"wpcf7-form-control wpcf7-text wpcf7-validates-as-required\" autocomplete=\"name\" aria-required=\"true\" aria-invalid=\"false\" placeholder=\"*Name\" value=\"\" type=\"text\" name=\"your-name\" \/><\/span>\n\t\t<\/p>\n\t\t<p><span class=\"wpcf7-form-control-wrap\" data-name=\"your-email\"><input size=\"40\" maxlength=\"400\" class=\"wpcf7-form-control wpcf7-email wpcf7-validates-as-required wpcf7-text wpcf7-validates-as-email\" autocomplete=\"email\" aria-required=\"true\" aria-invalid=\"false\" placeholder=\"*Mail\" value=\"\" type=\"email\" name=\"your-email\" \/><\/span>\n\t\t<\/p>\n\t\t<p><span class=\"wpcf7-form-control-wrap\" data-name=\"your-phone\"><input size=\"40\" maxlength=\"400\" class=\"wpcf7-form-control wpcf7-tel wpcf7-text wpcf7-validates-as-tel\" autocomplete=\"phone\" aria-invalid=\"false\" placeholder=\"Phone\" value=\"\" type=\"tel\" name=\"your-phone\" \/><\/span>\n\t\t<\/p>\n\t<\/div>\n\t<div class=\"contact-form-column\">\n\t\t<p><span class=\"wpcf7-form-control-wrap\" data-name=\"your-message\"><textarea cols=\"40\" rows=\"10\" maxlength=\"2000\" class=\"wpcf7-form-control wpcf7-textarea wpcf7-validates-as-required contact-msg-input\" aria-required=\"true\" aria-invalid=\"false\" placeholder=\"*Message\" name=\"your-message\"><\/textarea><\/span>\n\t\t<\/p>\n\t\t<p><span class=\"wpcf7-form-control-wrap\" data-name=\"acceptance-912\"><span class=\"wpcf7-form-control wpcf7-acceptance\"><span class=\"wpcf7-list-item\"><label><input type=\"checkbox\" name=\"acceptance-912\" value=\"1\" aria-invalid=\"false\" \/><span class=\"wpcf7-list-item-label\"><span style=\"font-size: 0.7em;\">*I have read and accept the privacy policy.<\/span><\/span><\/label><\/span><\/span><\/span>\n\t\t<\/p>\n\t<\/div>\n<\/div>\n<div class=\"contact-form-submit-wrapper\">\n<!-- submit button -->\n\t<p><button type=\"submit\" class=\"finnoval-contact-submit wpcf7-form-control wpcf7-submit\"><br \/>\n<span><br \/>\n<svg xmlns:svg=\"http:\/\/www.w3.org\/2000\/svg\" width=\"104.61\" height=\"104.61\" viewbox=\"0 0 104.61 104.61\" id=\"svg1\">\n      <defs id=\"defs1\"><\/defs>\n      <g id=\"Gruppe_33\" data-name=\"Gruppe 33\" transform=\"translate(-1211.964,-3428.028)\">\n        <line id=\"Linie_25\" data-name=\"Linie 25\" y1=\"92.829002\" x2=\"92.829002\" transform=\"translate(1213.571,3438.202)\"\n          fill=\"none\" stroke=\"#5a8fdb\" stroke-width=\"3\" x1=\"0\" y2=\"0\">\n        <\/line>\n        <line id=\"Linie_26\" data-name=\"Linie 26\" x2=\"93.435997\" transform=\"translate(1211.964,3429.528)\" fill=\"none\"\n          stroke=\"#1a3b5b\" stroke-width=\"3\" x1=\"0\" y1=\"0\" y2=\"0\"><\/line>\n        <line id=\"Linie_27\" data-name=\"Linie 27\" y1=\"93.435997\" transform=\"translate(1315.074,3439.202)\" fill=\"none\"\n          stroke=\"#1a3b5b\" stroke-width=\"3\" x1=\"0\" x2=\"0\" y2=\"0\"><\/line>\n      <\/g>\n    <\/svg><br \/>\n<\/span><br \/>\n<span class=\"primary-text-color\" style=\"margin-left: 14px; font-size: 1.2em; margin-bottom: 6px;\">send<\/span><br \/>\n<\/button><br \/>\n<!-- submit button end -->\n\t<\/p>\n<\/div><div class=\"wpcf7-response-output\" aria-hidden=\"true\"><\/div>\n<input type=\"hidden\" name=\"trp-form-language\" value=\"en\"\/><\/form>\n<\/div>\n<\/div>\n\t\t\t\t\t\t<\/div>\n\t\t\t\t<\/div>\n\t\t<div class=\"elementor-element elementor-element-11f256a e-con-full e-flex e-con e-child\" data-id=\"11f256a\" data-element_type=\"container\">\n\t\t\t\t<\/div>\n\t\t\t\t\t<\/div>\n\t\t\t\t<\/div>\n\t\t<div class=\"elementor-element elementor-element-83fb0f9 e-con-full e-flex e-con e-parent\" data-id=\"83fb0f9\" data-element_type=\"container\">\n\t\t\t\t<div class=\"elementor-element elementor-element-463a04f elementor-widget elementor-widget-text-editor\" data-id=\"463a04f\" data-element_type=\"widget\" data-widget_type=\"text-editor.default\">\n\t\t\t\t\t\t\t\t\t<div class=\"marquee-container\"><div class=\"marquee-track\"><div class=\"marquee-text\">sayhello<\/div><div class=\"marquee-text\">sayhello<\/div><\/div><\/div>\t\t\t\t\t\t\t\t<\/div>\n\t\t\t\t<\/div>\n\t\t<div class=\"elementor-element elementor-element-0d05cfe e-con-full e-flex e-con e-parent\" data-id=\"0d05cfe\" data-element_type=\"container\">\n\t\t\t\t<div class=\"elementor-element elementor-element-f5e8dee elementor-widget elementor-widget-html\" data-id=\"f5e8dee\" data-element_type=\"widget\" data-widget_type=\"html.default\">\n\t\t\t\t\t<style>\n.marquee-container {\n  width: 100%;\n  overflow: hidden;\n  white-space: nowrap;\n  box-sizing: border-box;\n}\n\n.marquee-track {\n  display: inline-flex;\n  \/* duplicate content ensures seamless loop *\/\n  animation: scroll-left 30s linear infinite;\n}\n\n.marquee-text {\n  flex-shrink: 0;\n  padding-right: 2rem; \/* optional spacing *\/\n}\n\n@keyframes scroll-left {\n  0% {\n    transform: translateX(0);\n  }\n  100% {\n    transform: translateX(-50%);\n  }\n}\n<\/style>\t\t\t\t<\/div>\n\t\t\t\t<\/div>\n\t\t\t\t<\/div>\n\t\t\t\t<\/div>\n\t\t\t\t\t\t<\/div>\n\t\t\t\t<\/div>\n\t\t\t\t<\/div>\n\t\t<div class=\"elementor-element elementor-element-7902fd5 e-flex e-con-boxed e-con e-parent\" data-id=\"7902fd5\" data-element_type=\"container\">\n\t\t\t\t\t<div class=\"e-con-inner\">\n\t\t\t\t<div class=\"elementor-element elementor-element-2bbc769 elementor-widget elementor-widget-template\" data-id=\"2bbc769\" data-element_type=\"widget\" data-widget_type=\"template.default\">\n\t\t\t\t<div class=\"elementor-widget-container\">\n\t\t\t\t\t\t\t<div class=\"elementor-template\">\n\t\t\t\t\t<div data-elementor-type=\"container\" data-elementor-id=\"4719\" class=\"elementor elementor-4719\" data-elementor-post-type=\"elementor_library\">\n\t\t\t\t<div class=\"elementor-element elementor-element-6e5ea12 e-flex e-con-boxed e-con e-parent\" data-id=\"6e5ea12\" data-element_type=\"container\">\n\t\t\t\t\t<div class=\"e-con-inner\">\n\t\t\t\t<div class=\"elementor-element elementor-element-612e8cd elementor-widget elementor-widget-html\" data-id=\"612e8cd\" data-element_type=\"widget\" data-widget_type=\"html.default\">\n\t\t\t\t\t<style>\n    #menu_mobile line {\n        stroke: var( --e-global-color-accent ) !important;\n    }\n    #menu-header-menu li, #menu-header-menu li strong {\n        color: var( --e-global-color-accent ) !important;\n    }\n<\/style>\n<!-- change header logo -->\n<script>\nwindow.addEventListener(\"load\", function() {\n  document.querySelector(\".finnoval-header-logo img\").srcset=\"https:\/\/finnoval.de\/wp-content\/uploads\/2025\/08\/finnoval-logo-blue-1024x149.png\";  \n})\n<\/script>\t\t\t\t<\/div>\n\t\t\t\t\t<\/div>\n\t\t\t\t<\/div>\n\t\t\t\t<\/div>\n\t\t\t\t<\/div>\n\t\t\t\t\t\t<\/div>\n\t\t\t\t<\/div>\n\t\t\t\t\t<\/div>\n\t\t\t\t<\/div>\n\t\t\t\t<\/div>","protected":false},"excerpt":{"rendered":"<p>Impressum Pflichtangaben des Verantwortlichen.f\u00fcr die Website www.finnoval.de und deren Unterseiten gem\u00e4\u00df \u00a7 55 Abs. 2 RStV und \u00a7 36 Abs. 1 VSBG. Name, Anschrift, Kontaktinformationen FINNOVAL GmbHK\u00f6nigstra\u00dfe 701097 Dresden E-Mail: kontakt@finnoval.de Fon: +49(0)351 212 44 710 Rechtsform Gesellschaft mit beschr\u00e4nkter Haftung (GmbH)Vertretungsberechtige Gesch\u00e4ftsf\u00fchrer: Sebastian M\u00e4hlerRegistergericht, Register-Nummer: Amtsgericht Dresden, HRB 38120Umsatzsteueridentifikationsnummer: DE 320 038 397 Angaben [&hellip;]<\/p>","protected":false},"author":1,"featured_media":0,"parent":0,"menu_order":0,"comment_status":"closed","ping_status":"closed","template":"elementor_header_footer","meta":{"footnotes":""},"class_list":["post-2475","page","type-page","status-publish","hentry"],"_links":{"self":[{"href":"https:\/\/finnoval.de\/en\/wp-json\/wp\/v2\/pages\/2475","targetHints":{"allow":["GET"]}}],"collection":[{"href":"https:\/\/finnoval.de\/en\/wp-json\/wp\/v2\/pages"}],"about":[{"href":"https:\/\/finnoval.de\/en\/wp-json\/wp\/v2\/types\/page"}],"author":[{"embeddable":true,"href":"https:\/\/finnoval.de\/en\/wp-json\/wp\/v2\/users\/1"}],"replies":[{"embeddable":true,"href":"https:\/\/finnoval.de\/en\/wp-json\/wp\/v2\/comments?post=2475"}],"version-history":[{"count":28,"href":"https:\/\/finnoval.de\/en\/wp-json\/wp\/v2\/pages\/2475\/revisions"}],"predecessor-version":[{"id":4728,"href":"https:\/\/finnoval.de\/en\/wp-json\/wp\/v2\/pages\/2475\/revisions\/4728"}],"wp:attachment":[{"href":"https:\/\/finnoval.de\/en\/wp-json\/wp\/v2\/media?parent=2475"}],"curies":[{"name":"wp","href":"https:\/\/api.w.org\/{rel}","templated":true}]}}