{"id":2368,"date":"2025-07-27T20:44:46","date_gmt":"2025-07-27T18:44:46","guid":{"rendered":"https:\/\/finnoval.de\/?page_id=2368"},"modified":"2026-01-07T15:06:39","modified_gmt":"2026-01-07T14:06:39","slug":"was-ist-unsere-vision","status":"publish","type":"page","link":"https:\/\/finnoval.de\/en\/ueber-uns\/was-ist-unsere-vision\/","title":{"rendered":"Was ist unsere Vision"},"content":{"rendered":"<div data-elementor-type=\"wp-post\" data-elementor-id=\"2368\" class=\"elementor elementor-2368\" data-elementor-post-type=\"page\">\n\t\t\t\t<div class=\"elementor-element elementor-element-f1bb431 e-flex e-con-boxed e-con e-parent\" data-id=\"f1bb431\" data-element_type=\"container\" data-settings=\"{&quot;background_background&quot;:&quot;classic&quot;}\">\n\t\t\t\t\t<div class=\"e-con-inner\">\n\t\t\t\t<div class=\"elementor-element elementor-element-a9136bc elementor-widget elementor-widget-text-editor\" data-id=\"a9136bc\" data-element_type=\"widget\" data-widget_type=\"text-editor.default\">\n\t\t\t\t\t\t\t\t\t<h1>There is always a way to succeed.<\/h1>\t\t\t\t\t\t\t\t<\/div>\n\t\t\t\t\t<\/div>\n\t\t\t\t<\/div>\n\t\t<div class=\"elementor-element elementor-element-184b841 e-flex e-con-boxed e-con e-parent\" data-id=\"184b841\" data-element_type=\"container\">\n\t\t\t\t\t<div class=\"e-con-inner\">\n\t\t<div class=\"elementor-element elementor-element-692d75e e-con-full e-flex e-con e-child\" data-id=\"692d75e\" data-element_type=\"container\">\n\t\t\t\t<\/div>\n\t\t<div class=\"elementor-element elementor-element-6bcac54 e-con-full e-flex e-con e-child\" data-id=\"6bcac54\" data-element_type=\"container\">\n\t\t\t\t<div class=\"elementor-element elementor-element-22afb22 elementor-widget elementor-widget-text-editor\" data-id=\"22afb22\" data-element_type=\"widget\" data-widget_type=\"text-editor.default\">\n\t\t\t\t\t\t\t\t\t<p>Philosophy<\/p>\t\t\t\t\t\t\t\t<\/div>\n\t\t\t\t<div class=\"elementor-element elementor-element-459e187 elementor-widget elementor-widget-text-editor\" data-id=\"459e187\" data-element_type=\"widget\" data-widget_type=\"text-editor.default\">\n\t\t\t\t\t\t\t\t\t<h2>Sometimes more really is more.<\/h2>\t\t\t\t\t\t\t\t<\/div>\n\t\t\t\t<div class=\"elementor-element elementor-element-cbe2a94 elementor-widget elementor-widget-text-editor\" data-id=\"cbe2a94\" data-element_type=\"widget\" data-widget_type=\"text-editor.default\">\n\t\t\t\t\t\t\t\t\t<div class=\"wrapper\"><div class=\"super-small\"><div class=\"text-wrap\"><p>This applies equally to companies, teams, and individuals who are going through a period of change, for example. What is often lacking is knowledge of effective ways to successfully implement concepts, structures, plans, ideas, and desires. With a critical eye informed by enthusiasm and realism, we identify obstacles and shortcomings, show how they can be overcome and compensated for, where the journey should lead, and how to get there.<\/p><p>Das ist die unvoreingenommene neutrale Position. Das strukturierte und methodisch richtige Anschubdenken, das mit Offenheit und ergebnisorientierter Expertise innovative Vorhaben gemeinsam mit Unternehmen und Ideengebern in die Spur Richtung Zukunft bringt. Nicht aus der \u00dcberfliegerperspektive, sondern auf Augenh\u00f6he und mit intensiver Kenntnis der Marktgegebenheiten. Mit Empathie und genauso enthusiastisch wie unsere Klienten selbst, gibt es kaum etwas Reizvolleres, als neue Projekte und Ideen durch qualifizierte Leistung in die Tat umzusetzen. Das Erreichen von Zielen ist die Messlatte f\u00fcr unsere erfolgreiche Beratung.<\/p><\/div><\/div><\/div>\t\t\t\t\t\t\t\t<\/div>\n\t\t\t\t<\/div>\n\t\t<div class=\"elementor-element elementor-element-5ccbe9f e-con-full e-flex e-con e-child\" data-id=\"5ccbe9f\" data-element_type=\"container\">\n\t\t\t\t<\/div>\n\t\t\t\t\t<\/div>\n\t\t\t\t<\/div>\n\t\t<div class=\"elementor-element elementor-element-9ecb53c e-con-full e-flex e-con e-parent\" data-id=\"9ecb53c\" data-element_type=\"container\">\n\t\t\t\t<div class=\"elementor-element elementor-element-91e1f38 finnoval-text-animation-background elementor-widget elementor-widget-text-editor\" data-id=\"91e1f38\" data-element_type=\"widget\" data-widget_type=\"text-editor.default\">\n\t\t\t\t\t\t\t\t\t<div class=\"marquee-container\">\n<div class=\"marquee-track\">\n<div class=\"marquee-text\">Unsereziele<\/div>\n<div class=\"marquee-text\">Unsereziele<\/div>\n<\/div>\n<\/div>\t\t\t\t\t\t\t\t<\/div>\n\t\t\t\t<\/div>\n\t\t<div class=\"elementor-element elementor-element-07fd535 e-flex e-con-boxed e-con e-parent\" data-id=\"07fd535\" data-element_type=\"container\">\n\t\t\t\t\t<div class=\"e-con-inner\">\n\t\t<div class=\"elementor-element elementor-element-903fdac e-con-full e-flex e-con e-child\" data-id=\"903fdac\" data-element_type=\"container\">\n\t\t\t\t<div class=\"elementor-element elementor-element-e517b8e elementor-widget elementor-widget-text-editor\" data-id=\"e517b8e\" data-element_type=\"widget\" data-widget_type=\"text-editor.default\">\n\t\t\t\t\t\t\t\t\t<p><span class=\"secondary-text-color\">Every major historical event<\/span><br \/>began as a utopia and ended as reality.\n<\/p>\t\t\t\t\t\t\t\t<\/div>\n\t\t\t\t<\/div>\n\t\t<div class=\"elementor-element elementor-element-0370d2e e-con-full e-flex e-con e-child\" data-id=\"0370d2e\" data-element_type=\"container\">\n\t\t\t\t<\/div>\n\t\t\t\t\t<\/div>\n\t\t\t\t<\/div>\n\t\t<div class=\"elementor-element elementor-element-d901b0b e-flex e-con-boxed e-con e-parent\" data-id=\"d901b0b\" data-element_type=\"container\">\n\t\t\t\t\t<div class=\"e-con-inner\">\n\t\t<div class=\"elementor-element elementor-element-9616699 e-con-full e-flex e-con e-child\" data-id=\"9616699\" data-element_type=\"container\">\n\t\t\t\t<div class=\"elementor-element elementor-element-1761d78 elementor-widget elementor-widget-image\" data-id=\"1761d78\" data-element_type=\"widget\" data-widget_type=\"image.default\">\n\t\t\t\t\t\t\t\t\t\t\t\t\t\t\t<img fetchpriority=\"high\" decoding=\"async\" width=\"768\" height=\"1024\" src=\"https:\/\/finnoval.de\/wp-content\/uploads\/2025\/07\/Gruppe-maskieren-14@2x._1000x-full-768x1024.webp\" class=\"attachment-large size-large wp-image-2386\" alt=\"Foto einer Person mit Fernglas\" srcset=\"https:\/\/finnoval.de\/wp-content\/uploads\/2025\/07\/Gruppe-maskieren-14@2x._1000x-full-768x1023.webp 768w, https:\/\/finnoval.de\/wp-content\/uploads\/2025\/07\/Gruppe-maskieren-14@2x._1000x-full-225x300.webp 225w, https:\/\/finnoval.de\/wp-content\/uploads\/2025\/07\/Gruppe-maskieren-14@2x._1000x-full.webp 929w\" sizes=\"(max-width: 768px) 100vw, 768px\" \/>\t\t\t\t\t\t\t\t\t\t\t\t\t\t\t<\/div>\n\t\t\t\t<\/div>\n\t\t<div class=\"elementor-element elementor-element-6d3baa4 e-con-full e-flex e-con e-child\" data-id=\"6d3baa4\" data-element_type=\"container\">\n\t\t<div class=\"elementor-element elementor-element-8cdbefe e-con-full e-flex e-con e-child\" data-id=\"8cdbefe\" data-element_type=\"container\">\n\t\t\t\t<div class=\"elementor-element elementor-element-a224639 elementor-widget__width-initial elementor-widget elementor-widget-text-editor\" data-id=\"a224639\" data-element_type=\"widget\" data-widget_type=\"text-editor.default\">\n\t\t\t\t\t\t\t\t\t<h2 class=\"bold-font\">What is our <br><span class=\"primary-text-color\">vision?<\/span><\/h2>\t\t\t\t\t\t\t\t<\/div>\n\t\t\t\t<div class=\"elementor-element elementor-element-fbef480 elementor-widget__width-initial elementor-widget elementor-widget-text-editor\" data-id=\"fbef480\" data-element_type=\"widget\" data-widget_type=\"text-editor.default\">\n\t\t\t\t\t\t\t\t\t<p>We want to support entrepreneurs in bringing their ideas and innovations to market in order to create growth and progress.<\/p>\t\t\t\t\t\t\t\t<\/div>\n\t\t\t\t<div class=\"elementor-element elementor-element-6c5c47f elementor-widget__width-initial elementor-widget elementor-widget-text-editor\" data-id=\"6c5c47f\" data-element_type=\"widget\" data-widget_type=\"text-editor.default\">\n\t\t\t\t\t\t\t\t\t<p>Through our specialized services, we support companies in achieving sustainable success and making informed strategic decisions. We create transparency and control for you, strengthen your negotiating position with investors and banks, and promote stakeholder confidence. With objective company valuations, we create a solid basis for decisions on mergers, acquisitions, or sales. We help companies identify risks early on, use resources efficiently, and increase their competitiveness. Our goal is to sustainably increase the overall value of our clients through forward-looking planning and optimized resource utilization.<\/p>\t\t\t\t\t\t\t\t<\/div>\n\t\t\t\t<\/div>\n\t\t\t\t<\/div>\n\t\t\t\t\t<\/div>\n\t\t\t\t<\/div>\n\t\t<div class=\"elementor-element elementor-element-6066e36 e-flex e-con-boxed e-con e-parent\" data-id=\"6066e36\" data-element_type=\"container\" data-settings=\"{&quot;background_background&quot;:&quot;classic&quot;}\">\n\t\t\t\t\t<div class=\"e-con-inner\">\n\t\t<div class=\"elementor-element elementor-element-c08b23d e-con-full e-flex e-con e-child\" data-id=\"c08b23d\" data-element_type=\"container\">\n\t\t\t\t<\/div>\n\t\t<div class=\"elementor-element elementor-element-353393a e-con-full e-flex e-con e-child\" data-id=\"353393a\" data-element_type=\"container\">\n\t\t\t\t<div class=\"elementor-element elementor-element-585ba95 elementor-widget elementor-widget-text-editor\" data-id=\"585ba95\" data-element_type=\"widget\" data-widget_type=\"text-editor.default\">\n\t\t\t\t\t\t\t\t\t<p><span class=\"primary-text-color\">The changes are:<\/span><br \/>The opportunity for new perspectives.<\/p>\t\t\t\t\t\t\t\t<\/div>\n\t\t\t\t<\/div>\n\t\t<div class=\"elementor-element elementor-element-998371e e-con-full e-flex e-con e-child\" data-id=\"998371e\" data-element_type=\"container\">\n\t\t\t\t<\/div>\n\t\t\t\t\t<\/div>\n\t\t\t\t<\/div>\n\t\t<div class=\"elementor-element elementor-element-6525b28 e-flex e-con-boxed e-con e-parent\" data-id=\"6525b28\" data-element_type=\"container\" id=\"contact-form-anchor\">\n\t\t\t\t\t<div class=\"e-con-inner\">\n\t\t<div class=\"elementor-element elementor-element-7e4c9c7 e-con-full e-flex e-con e-child\" data-id=\"7e4c9c7\" data-element_type=\"container\">\n\t\t\t\t<div class=\"elementor-element elementor-element-7ce29ec elementor-widget elementor-widget-html\" data-id=\"7ce29ec\" data-element_type=\"widget\" data-widget_type=\"html.default\">\n\t\t\t\t\t<svg width=\"3\" height=\"160.418\" viewbox=\"0 0 3 239.418\">\n  <g id=\"Gruppe_60\" data-name=\"Gruppe 60\" transform=\"translate(-2436 -3714.5)\">\n    <line id=\"Linie_17\" data-name=\"Linie 17\" y2=\"111.728\" transform=\"translate(2437.5 3714.5)\" fill=\"none\" stroke=\"#174257\" stroke-width=\"3\"><\/line>\n    <line id=\"Linie_18\" data-name=\"Linie 18\" y1=\"111.728\" transform=\"translate(2437.5 3842.19)\" fill=\"none\" stroke=\"#174257\" stroke-width=\"3\"><\/line>\n  <\/g>\n<\/svg>\t\t\t\t<\/div>\n\t\t\t\t<\/div>\n\t\t\t\t\t<\/div>\n\t\t\t\t<\/div>\n\t\t<div class=\"elementor-element elementor-element-a7477d1 e-con-full e-flex e-con e-parent\" data-id=\"a7477d1\" data-element_type=\"container\">\n\t\t\t\t<div class=\"elementor-element elementor-element-39454fa elementor-widget__width-inherit elementor-widget elementor-widget-template\" data-id=\"39454fa\" data-element_type=\"widget\" data-widget_type=\"template.default\">\n\t\t\t\t<div class=\"elementor-widget-container\">\n\t\t\t\t\t\t\t<div class=\"elementor-template\">\n\t\t\t\t\t<div data-elementor-type=\"container\" data-elementor-id=\"922\" class=\"elementor elementor-922\" data-elementor-post-type=\"elementor_library\">\n\t\t\t\t<div class=\"elementor-element elementor-element-d13ed82 e-flex e-con-boxed e-con e-parent\" data-id=\"d13ed82\" data-element_type=\"container\">\n\t\t\t\t\t<div class=\"e-con-inner\">\n\t\t<div class=\"elementor-element elementor-element-3cb6d5a e-con-full e-flex e-con e-child\" data-id=\"3cb6d5a\" data-element_type=\"container\">\n\t\t\t\t<\/div>\n\t\t<div class=\"elementor-element elementor-element-86f7bad e-con-full e-flex e-con e-child\" data-id=\"86f7bad\" data-element_type=\"container\">\n\t\t\t\t<div class=\"elementor-element elementor-element-c7410af elementor-widget elementor-widget-text-editor\" data-id=\"c7410af\" data-element_type=\"widget\" data-widget_type=\"text-editor.default\">\n\t\t\t\t\t\t\t\t\tContact form\t\t\t\t\t\t\t\t<\/div>\n\t\t\t\t<div class=\"elementor-element elementor-element-cc44f91 elementor-widget elementor-widget-text-editor\" data-id=\"cc44f91\" data-element_type=\"widget\" data-widget_type=\"text-editor.default\">\n\t\t\t\t\t\t\t\t\t<h2>Interested?<\/h2>\t\t\t\t\t\t\t\t<\/div>\n\t\t\t\t<div class=\"elementor-element elementor-element-1bd3ec2 elementor-widget elementor-widget-text-editor\" data-id=\"1bd3ec2\" data-element_type=\"widget\" data-widget_type=\"text-editor.default\">\n\t\t\t\t\t\t\t\t\tWe look forward to hearing from you:\t\t\t\t\t\t\t\t<\/div>\n\t\t\t\t<div class=\"elementor-element elementor-element-58700d1 elementor-widget elementor-widget-shortcode\" data-id=\"58700d1\" data-element_type=\"widget\" data-widget_type=\"shortcode.default\">\n\t\t\t\t\t\t\t<div class=\"elementor-shortcode\">\n<div class=\"wpcf7 no-js\" id=\"wpcf7-f332-o1\" lang=\"de-DE\" dir=\"ltr\" data-wpcf7-id=\"332\">\n<div class=\"screen-reader-response\"><p role=\"status\" aria-live=\"polite\" aria-atomic=\"true\"><\/p> <ul><\/ul><\/div>\n<form action=\"\/en\/wp-json\/wp\/v2\/pages\/2368#wpcf7-f332-o1\" method=\"post\" class=\"wpcf7-form init\" aria-label=\"contact form\" novalidate=\"novalidate\" data-status=\"init\" data-trp-original-action=\"\/en\/wp-json\/wp\/v2\/pages\/2368#wpcf7-f332-o1\">\n<fieldset class=\"hidden-fields-container\"><input type=\"hidden\" name=\"_wpcf7\" value=\"332\" \/><input type=\"hidden\" name=\"_wpcf7_version\" value=\"6.1\" \/><input type=\"hidden\" name=\"_wpcf7_locale\" value=\"de_DE\" \/><input type=\"hidden\" name=\"_wpcf7_unit_tag\" value=\"wpcf7-f332-o1\" \/><input type=\"hidden\" name=\"_wpcf7_container_post\" value=\"0\" \/><input type=\"hidden\" name=\"_wpcf7_posted_data_hash\" value=\"\" \/>\n<\/fieldset>\n<style>\n.contact-form-wrapper {\ndisplay: flex;\ngap: 20px;\n}\n.contact-form-column {\nflex: 1 1 calc(50% - 10px);\n}\n.contact-msg-input {\nheight: 8.8em;\n}\n.contact-form-submit-wrapper {\ndisplay: flex;\njustify-content: end;\n}\n.finnoval-contact-submit {\ndisplay: flex;\nalign-items: end;\nbackground-color: transparent !important;\nborder: 0 !important;\n}\n@media (max-width: 767px) {\n .contact-form-wrapper {\n display: block;\n }\n}\n<\/style>\n<div class=\"contact-form-wrapper\">\n\t<div class=\"contact-form-column\">\n\t\t<p><span class=\"wpcf7-form-control-wrap\" data-name=\"your-name\"><input size=\"40\" maxlength=\"400\" class=\"wpcf7-form-control wpcf7-text wpcf7-validates-as-required\" autocomplete=\"name\" aria-required=\"true\" aria-invalid=\"false\" placeholder=\"*Name\" value=\"\" type=\"text\" name=\"your-name\" \/><\/span>\n\t\t<\/p>\n\t\t<p><span class=\"wpcf7-form-control-wrap\" data-name=\"your-email\"><input size=\"40\" maxlength=\"400\" class=\"wpcf7-form-control wpcf7-email wpcf7-validates-as-required wpcf7-text wpcf7-validates-as-email\" autocomplete=\"email\" aria-required=\"true\" aria-invalid=\"false\" placeholder=\"*Mail\" value=\"\" type=\"email\" name=\"your-email\" \/><\/span>\n\t\t<\/p>\n\t\t<p><span class=\"wpcf7-form-control-wrap\" data-name=\"your-phone\"><input size=\"40\" maxlength=\"400\" class=\"wpcf7-form-control wpcf7-tel wpcf7-text wpcf7-validates-as-tel\" autocomplete=\"phone\" aria-invalid=\"false\" placeholder=\"Phone\" value=\"\" type=\"tel\" name=\"your-phone\" \/><\/span>\n\t\t<\/p>\n\t<\/div>\n\t<div class=\"contact-form-column\">\n\t\t<p><span class=\"wpcf7-form-control-wrap\" data-name=\"your-message\"><textarea cols=\"40\" rows=\"10\" maxlength=\"2000\" class=\"wpcf7-form-control wpcf7-textarea wpcf7-validates-as-required contact-msg-input\" aria-required=\"true\" aria-invalid=\"false\" placeholder=\"*Message\" name=\"your-message\"><\/textarea><\/span>\n\t\t<\/p>\n\t\t<p><span class=\"wpcf7-form-control-wrap\" data-name=\"acceptance-912\"><span class=\"wpcf7-form-control wpcf7-acceptance\"><span class=\"wpcf7-list-item\"><label><input type=\"checkbox\" name=\"acceptance-912\" value=\"1\" aria-invalid=\"false\" \/><span class=\"wpcf7-list-item-label\"><span style=\"font-size: 0.7em;\">*I have read and accept the privacy policy.<\/span><\/span><\/label><\/span><\/span><\/span>\n\t\t<\/p>\n\t<\/div>\n<\/div>\n<div class=\"contact-form-submit-wrapper\">\n<!-- submit button -->\n\t<p><button type=\"submit\" class=\"finnoval-contact-submit wpcf7-form-control wpcf7-submit\"><br \/>\n<span><br \/>\n<svg xmlns:svg=\"http:\/\/www.w3.org\/2000\/svg\" width=\"104.61\" height=\"104.61\" viewbox=\"0 0 104.61 104.61\" id=\"svg1\">\n      <defs id=\"defs1\"><\/defs>\n      <g id=\"Gruppe_33\" data-name=\"Gruppe 33\" transform=\"translate(-1211.964,-3428.028)\">\n        <line id=\"Linie_25\" data-name=\"Linie 25\" y1=\"92.829002\" x2=\"92.829002\" transform=\"translate(1213.571,3438.202)\"\n          fill=\"none\" stroke=\"#5a8fdb\" stroke-width=\"3\" x1=\"0\" y2=\"0\">\n        <\/line>\n        <line id=\"Linie_26\" data-name=\"Linie 26\" x2=\"93.435997\" transform=\"translate(1211.964,3429.528)\" fill=\"none\"\n          stroke=\"#1a3b5b\" stroke-width=\"3\" x1=\"0\" y1=\"0\" y2=\"0\"><\/line>\n        <line id=\"Linie_27\" data-name=\"Linie 27\" y1=\"93.435997\" transform=\"translate(1315.074,3439.202)\" fill=\"none\"\n          stroke=\"#1a3b5b\" stroke-width=\"3\" x1=\"0\" x2=\"0\" y2=\"0\"><\/line>\n      <\/g>\n    <\/svg><br \/>\n<\/span><br \/>\n<span class=\"primary-text-color\" style=\"margin-left: 14px; font-size: 1.2em; margin-bottom: 6px;\">send<\/span><br \/>\n<\/button><br \/>\n<!-- submit button end -->\n\t<\/p>\n<\/div><div class=\"wpcf7-response-output\" aria-hidden=\"true\"><\/div>\n<input type=\"hidden\" name=\"trp-form-language\" value=\"en\"\/><\/form>\n<\/div>\n<\/div>\n\t\t\t\t\t\t<\/div>\n\t\t\t\t<\/div>\n\t\t<div class=\"elementor-element elementor-element-11f256a e-con-full e-flex e-con e-child\" data-id=\"11f256a\" data-element_type=\"container\">\n\t\t\t\t<\/div>\n\t\t\t\t\t<\/div>\n\t\t\t\t<\/div>\n\t\t<div class=\"elementor-element elementor-element-83fb0f9 e-con-full e-flex e-con e-parent\" data-id=\"83fb0f9\" data-element_type=\"container\">\n\t\t\t\t<div class=\"elementor-element elementor-element-463a04f elementor-widget elementor-widget-text-editor\" data-id=\"463a04f\" data-element_type=\"widget\" data-widget_type=\"text-editor.default\">\n\t\t\t\t\t\t\t\t\t<div class=\"marquee-container\"><div class=\"marquee-track\"><div class=\"marquee-text\">sayhello<\/div><div class=\"marquee-text\">sayhello<\/div><\/div><\/div>\t\t\t\t\t\t\t\t<\/div>\n\t\t\t\t<\/div>\n\t\t<div class=\"elementor-element elementor-element-0d05cfe e-con-full e-flex e-con e-parent\" data-id=\"0d05cfe\" data-element_type=\"container\">\n\t\t\t\t<div class=\"elementor-element elementor-element-f5e8dee elementor-widget elementor-widget-html\" data-id=\"f5e8dee\" data-element_type=\"widget\" data-widget_type=\"html.default\">\n\t\t\t\t\t<style>\n.marquee-container {\n  width: 100%;\n  overflow: hidden;\n  white-space: nowrap;\n  box-sizing: border-box;\n}\n\n.marquee-track {\n  display: inline-flex;\n  \/* duplicate content ensures seamless loop *\/\n  animation: scroll-left 30s linear infinite;\n}\n\n.marquee-text {\n  flex-shrink: 0;\n  padding-right: 2rem; \/* optional spacing *\/\n}\n\n@keyframes scroll-left {\n  0% {\n    transform: translateX(0);\n  }\n  100% {\n    transform: translateX(-50%);\n  }\n}\n<\/style>\t\t\t\t<\/div>\n\t\t\t\t<\/div>\n\t\t\t\t<\/div>\n\t\t\t\t<\/div>\n\t\t\t\t\t\t<\/div>\n\t\t\t\t<\/div>\n\t\t\t\t<\/div>\n\t\t\t\t<\/div>","protected":false},"excerpt":{"rendered":"<p>Es findet sich immer ein Weg zum Erfolg. Philosophie Manchmal ist mehr, wirklich mehr. Und das gilt gleicherma\u00dfen f\u00fcr Unternehmen, f\u00fcr Teams genauso wie f\u00fcr den Einzelnen, der sich beispielsweise in einer Umbruchphase befindet. Was oft fehlt, ist die Kenntnis wirkungsvoller Wege, Konzepte und Strukturen, Pl\u00e4ne, Gedanken und W\u00fcnsche auch erfolgreich umzusetzen. Mit einem kritischen [&hellip;]<\/p>","protected":false},"author":1,"featured_media":0,"parent":2194,"menu_order":0,"comment_status":"closed","ping_status":"closed","template":"elementor_header_footer","meta":{"footnotes":""},"class_list":["post-2368","page","type-page","status-publish","hentry"],"_links":{"self":[{"href":"https:\/\/finnoval.de\/en\/wp-json\/wp\/v2\/pages\/2368","targetHints":{"allow":["GET"]}}],"collection":[{"href":"https:\/\/finnoval.de\/en\/wp-json\/wp\/v2\/pages"}],"about":[{"href":"https:\/\/finnoval.de\/en\/wp-json\/wp\/v2\/types\/page"}],"author":[{"embeddable":true,"href":"https:\/\/finnoval.de\/en\/wp-json\/wp\/v2\/users\/1"}],"replies":[{"embeddable":true,"href":"https:\/\/finnoval.de\/en\/wp-json\/wp\/v2\/comments?post=2368"}],"version-history":[{"count":22,"href":"https:\/\/finnoval.de\/en\/wp-json\/wp\/v2\/pages\/2368\/revisions"}],"predecessor-version":[{"id":5119,"href":"https:\/\/finnoval.de\/en\/wp-json\/wp\/v2\/pages\/2368\/revisions\/5119"}],"up":[{"embeddable":true,"href":"https:\/\/finnoval.de\/en\/wp-json\/wp\/v2\/pages\/2194"}],"wp:attachment":[{"href":"https:\/\/finnoval.de\/en\/wp-json\/wp\/v2\/media?parent=2368"}],"curies":[{"name":"wp","href":"https:\/\/api.w.org\/{rel}","templated":true}]}}